{"id":453,"date":"2019-12-10T17:02:33","date_gmt":"2019-12-10T22:02:33","guid":{"rendered":"https:\/\/javiervaldivia.pe\/us\/?page_id=453"},"modified":"2025-04-06T21:48:38","modified_gmt":"2025-04-07T02:48:38","slug":"recursos-humanos","status":"publish","type":"page","link":"https:\/\/javiervaldivia.pe\/us\/recursos-humanos\/","title":{"rendered":"Recursos Humanos"},"content":{"rendered":"\t\t<div data-elementor-type=\"wp-page\" data-elementor-id=\"453\" class=\"elementor elementor-453\">\n\t\t\t\t\t\t<section class=\"elementor-section elementor-top-section elementor-element elementor-element-726207c elementor-section-boxed elementor-section-height-default elementor-section-height-default\" data-id=\"726207c\" data-element_type=\"section\" data-e-type=\"section\" data-settings=\"{&quot;background_background&quot;:&quot;classic&quot;}\">\n\t\t\t\t\t\t\t<div class=\"elementor-background-overlay\"><\/div>\n\t\t\t\t\t\t\t<div class=\"elementor-container elementor-column-gap-no\">\n\t\t\t\t\t<div class=\"elementor-column elementor-col-100 elementor-top-column elementor-element elementor-element-03df8af\" data-id=\"03df8af\" data-element_type=\"column\" data-e-type=\"column\">\n\t\t\t<div class=\"elementor-widget-wrap elementor-element-populated\">\n\t\t\t\t\t\t<div class=\"elementor-element elementor-element-35ab908 elementor-widget elementor-widget-heading\" data-id=\"35ab908\" data-element_type=\"widget\" data-e-type=\"widget\" data-widget_type=\"heading.default\">\n\t\t\t\t<div class=\"elementor-widget-container\">\n\t\t\t\t\t<h5 class=\"elementor-heading-title elementor-size-default\">Services<\/h5>\t\t\t\t<\/div>\n\t\t\t\t<\/div>\n\t\t\t\t<div class=\"elementor-element elementor-element-067bc86 elementor-widget elementor-widget-heading\" data-id=\"067bc86\" data-element_type=\"widget\" data-e-type=\"widget\" data-widget_type=\"heading.default\">\n\t\t\t\t<div class=\"elementor-widget-container\">\n\t\t\t\t\t<h1 class=\"elementor-heading-title elementor-size-default\">What we do<\/h1>\t\t\t\t<\/div>\n\t\t\t\t<\/div>\n\t\t\t\t\t<\/div>\n\t\t<\/div>\n\t\t\t\t\t<\/div>\n\t\t<\/section>\n\t\t\t\t<section class=\"elementor-section elementor-top-section elementor-element elementor-element-6c2ac92 elementor-section-boxed elementor-section-height-default elementor-section-height-default\" data-id=\"6c2ac92\" data-element_type=\"section\" data-e-type=\"section\">\n\t\t\t\t\t\t<div class=\"elementor-container elementor-column-gap-default\">\n\t\t\t\t\t<div class=\"elementor-column elementor-col-100 elementor-top-column elementor-element elementor-element-5fff585\" data-id=\"5fff585\" data-element_type=\"column\" data-e-type=\"column\">\n\t\t\t<div class=\"elementor-widget-wrap elementor-element-populated\">\n\t\t\t\t\t\t<section class=\"elementor-section elementor-inner-section elementor-element elementor-element-24ca5c2 elementor-section-boxed elementor-section-height-default elementor-section-height-default\" data-id=\"24ca5c2\" data-element_type=\"section\" data-e-type=\"section\">\n\t\t\t\t\t\t<div class=\"elementor-container elementor-column-gap-no\">\n\t\t\t\t\t<div class=\"elementor-column elementor-col-50 elementor-inner-column elementor-element elementor-element-b627759\" data-id=\"b627759\" data-element_type=\"column\" data-e-type=\"column\" data-settings=\"{&quot;background_background&quot;:&quot;classic&quot;}\">\n\t\t\t<div class=\"elementor-widget-wrap elementor-element-populated\">\n\t\t\t\t\t\t<div class=\"elementor-element elementor-element-363ded4 elementor-widget elementor-widget-image\" data-id=\"363ded4\" data-element_type=\"widget\" data-e-type=\"widget\" data-widget_type=\"image.default\">\n\t\t\t\t<div class=\"elementor-widget-container\">\n\t\t\t\t\t\t\t\t\t\t\t\t\t\t\t<img fetchpriority=\"high\" decoding=\"async\" width=\"1921\" height=\"1358\" src=\"https:\/\/javiervaldivia.pe\/us\/wp-content\/uploads\/2019\/12\/recursos-humanos2.jpg\" class=\"elementor-animation-grow attachment-full size-full wp-image-341\" alt=\"\" srcset=\"https:\/\/javiervaldivia.pe\/us\/wp-content\/uploads\/2019\/12\/recursos-humanos2.jpg 1921w, https:\/\/javiervaldivia.pe\/us\/wp-content\/uploads\/2019\/12\/recursos-humanos2-300x212.jpg 300w, https:\/\/javiervaldivia.pe\/us\/wp-content\/uploads\/2019\/12\/recursos-humanos2-1024x724.jpg 1024w, https:\/\/javiervaldivia.pe\/us\/wp-content\/uploads\/2019\/12\/recursos-humanos2-768x543.jpg 768w, https:\/\/javiervaldivia.pe\/us\/wp-content\/uploads\/2019\/12\/recursos-humanos2-1536x1086.jpg 1536w\" sizes=\"(max-width: 1921px) 100vw, 1921px\" \/>\t\t\t\t\t\t\t\t\t\t\t\t\t\t\t<\/div>\n\t\t\t\t<\/div>\n\t\t\t\t\t<\/div>\n\t\t<\/div>\n\t\t\t\t<div class=\"elementor-column elementor-col-50 elementor-inner-column elementor-element elementor-element-be5fd07\" data-id=\"be5fd07\" data-element_type=\"column\" data-e-type=\"column\">\n\t\t\t<div class=\"elementor-widget-wrap elementor-element-populated\">\n\t\t\t\t\t\t<div class=\"elementor-element elementor-element-eed00cc elementor-widget elementor-widget-heading\" data-id=\"eed00cc\" data-element_type=\"widget\" data-e-type=\"widget\" data-widget_type=\"heading.default\">\n\t\t\t\t<div class=\"elementor-widget-container\">\n\t\t\t\t\t<h2 class=\"elementor-heading-title elementor-size-default\">Human Resources<\/h2>\t\t\t\t<\/div>\n\t\t\t\t<\/div>\n\t\t\t\t<div class=\"elementor-element elementor-element-ea1e3b7 elementor-widget elementor-widget-heading\" data-id=\"ea1e3b7\" data-element_type=\"widget\" data-e-type=\"widget\" data-widget_type=\"heading.default\">\n\t\t\t\t<div class=\"elementor-widget-container\">\n\t\t\t\t\t<h4 class=\"elementor-heading-title elementor-size-default\">Psychological Evaluation of Applicants<\/h4>\t\t\t\t<\/div>\n\t\t\t\t<\/div>\n\t\t\t\t<div class=\"elementor-element elementor-element-d503f1a elementor-widget elementor-widget-text-editor\" data-id=\"d503f1a\" data-element_type=\"widget\" data-e-type=\"widget\" data-widget_type=\"text-editor.default\">\n\t\t\t\t<div class=\"elementor-widget-container\">\n\t\t\t\t\t\t\t\t\t<p>The applicant&#8217;s skills, strengths, and weaknesses are recognized through personality tests and interviews, which allow us to identify the profile requested by each employer.<\/p>\t\t\t\t\t\t\t\t<\/div>\n\t\t\t\t<\/div>\n\t\t\t\t<div class=\"elementor-element elementor-element-ce87bbe elementor-widget elementor-widget-heading\" data-id=\"ce87bbe\" data-element_type=\"widget\" data-e-type=\"widget\" data-widget_type=\"heading.default\">\n\t\t\t\t<div class=\"elementor-widget-container\">\n\t\t\t\t\t<h4 class=\"elementor-heading-title elementor-size-default\">Situational Assessment Interview<\/h4>\t\t\t\t<\/div>\n\t\t\t\t<\/div>\n\t\t\t\t<div class=\"elementor-element elementor-element-3cbe764 elementor-widget elementor-widget-text-editor\" data-id=\"3cbe764\" data-element_type=\"widget\" data-e-type=\"widget\" data-widget_type=\"text-editor.default\">\n\t\t\t\t<div class=\"elementor-widget-container\">\n\t\t\t\t\t\t\t\t\t<p>By combining psychometric tests, interviews, and experiential exercises tailored to the organization&#8217;s needs, this process allows us to predict applicant behavior in specific situations.<\/p>\t\t\t\t\t\t\t\t<\/div>\n\t\t\t\t<\/div>\n\t\t\t\t<div class=\"elementor-element elementor-element-a7940aa elementor-widget elementor-widget-heading\" data-id=\"a7940aa\" data-element_type=\"widget\" data-e-type=\"widget\" data-widget_type=\"heading.default\">\n\t\t\t\t<div class=\"elementor-widget-container\">\n\t\t\t\t\t<h4 class=\"elementor-heading-title elementor-size-default\">Profile ID<\/h4>\t\t\t\t<\/div>\n\t\t\t\t<\/div>\n\t\t\t\t<div class=\"elementor-element elementor-element-527b699 elementor-widget elementor-widget-text-editor\" data-id=\"527b699\" data-element_type=\"widget\" data-e-type=\"widget\" data-widget_type=\"text-editor.default\">\n\t\t\t\t<div class=\"elementor-widget-container\">\n\t\t\t\t\t\t\t\t\t<p>La identificaci\u00f3n del conjunto de capacidades y competencias que re\u00fane una persona para el desarrollo de sus funciones y tareas relacionadas a una determinada profesi\u00f3n o puesto de trabajo.<\/p>\t\t\t\t\t\t\t\t<\/div>\n\t\t\t\t<\/div>\n\t\t\t\t<div class=\"elementor-element elementor-element-b380a48 elementor-widget elementor-widget-heading\" data-id=\"b380a48\" data-element_type=\"widget\" data-e-type=\"widget\" data-widget_type=\"heading.default\">\n\t\t\t\t<div class=\"elementor-widget-container\">\n\t\t\t\t\t<h4 class=\"elementor-heading-title elementor-size-default\">Personnel selection<\/h4>\t\t\t\t<\/div>\n\t\t\t\t<\/div>\n\t\t\t\t<div class=\"elementor-element elementor-element-68553f1 elementor-widget elementor-widget-text-editor\" data-id=\"68553f1\" data-element_type=\"widget\" data-e-type=\"widget\" data-widget_type=\"text-editor.default\">\n\t\t\t\t<div class=\"elementor-widget-container\">\n\t\t\t\t\t\t\t\t\t<p>The selection of the most suitable people to fill a vacant position in a company is based on the company&#8217;s needs for specific activities. This action is carried out following certain parameters and conditions that allow for optimal results.<\/p>\t\t\t\t\t\t\t\t<\/div>\n\t\t\t\t<\/div>\n\t\t\t\t<div class=\"elementor-element elementor-element-35c3b5d elementor-widget elementor-widget-heading\" data-id=\"35c3b5d\" data-element_type=\"widget\" data-e-type=\"widget\" data-widget_type=\"heading.default\">\n\t\t\t\t<div class=\"elementor-widget-container\">\n\t\t\t\t\t<h4 class=\"elementor-heading-title elementor-size-default\">Worker Reliability and Honesty Evaluation System<\/h4>\t\t\t\t<\/div>\n\t\t\t\t<\/div>\n\t\t\t\t<div class=\"elementor-element elementor-element-993fd18 elementor-widget elementor-widget-text-editor\" data-id=\"993fd18\" data-element_type=\"widget\" data-e-type=\"widget\" data-widget_type=\"text-editor.default\">\n\t\t\t\t<div class=\"elementor-widget-container\">\n\t\t\t\t\t\t\t\t\t<p>The most commonly used tests for this evaluation consist primarily of verification of the applicant&#8217;s references, identification documents, home visits, and verification of diplomas and transcripts. This allows us to gain a better understanding when evaluating this highly subjective aspect for each individual.<\/p>\t\t\t\t\t\t\t\t<\/div>\n\t\t\t\t<\/div>\n\t\t\t\t\t<\/div>\n\t\t<\/div>\n\t\t\t\t\t<\/div>\n\t\t<\/section>\n\t\t\t\t\t<\/div>\n\t\t<\/div>\n\t\t\t\t\t<\/div>\n\t\t<\/section>\n\t\t\t\t<section class=\"elementor-section elementor-top-section elementor-element elementor-element-8fbe4f0 elementor-section-content-middle elementor-section-boxed elementor-section-height-default elementor-section-height-default\" data-id=\"8fbe4f0\" data-element_type=\"section\" data-e-type=\"section\" data-settings=\"{&quot;background_background&quot;:&quot;classic&quot;}\">\n\t\t\t\t\t\t\t<div class=\"elementor-background-overlay\"><\/div>\n\t\t\t\t\t\t\t<div class=\"elementor-container elementor-column-gap-no\">\n\t\t\t\t\t<div class=\"elementor-column elementor-col-50 elementor-top-column elementor-element elementor-element-3cfee28\" data-id=\"3cfee28\" data-element_type=\"column\" data-e-type=\"column\">\n\t\t\t<div class=\"elementor-widget-wrap elementor-element-populated\">\n\t\t\t\t\t\t<div class=\"elementor-element elementor-element-7e073a1 elementor-widget elementor-widget-heading\" data-id=\"7e073a1\" data-element_type=\"widget\" data-e-type=\"widget\" data-widget_type=\"heading.default\">\n\t\t\t\t<div class=\"elementor-widget-container\">\n\t\t\t\t\t<h2 class=\"elementor-heading-title elementor-size-default\">Request a quote<\/h2>\t\t\t\t<\/div>\n\t\t\t\t<\/div>\n\t\t\t\t<div class=\"elementor-element elementor-element-ef87c1b elementor-widget elementor-widget-text-editor\" data-id=\"ef87c1b\" data-element_type=\"widget\" data-e-type=\"widget\" data-widget_type=\"text-editor.default\">\n\t\t\t\t<div class=\"elementor-widget-container\">\n\t\t\t\t\t\t\t\t\t<p>Don&#8217;t hesitate. Tell us what you need and we&#8217;ll get back to you shortly.<\/p>\t\t\t\t\t\t\t\t<\/div>\n\t\t\t\t<\/div>\n\t\t\t\t\t<\/div>\n\t\t<\/div>\n\t\t\t\t<div class=\"elementor-column elementor-col-50 elementor-top-column elementor-element elementor-element-af361e7\" data-id=\"af361e7\" data-element_type=\"column\" data-e-type=\"column\">\n\t\t\t<div class=\"elementor-widget-wrap elementor-element-populated\">\n\t\t\t\t\t\t<div class=\"elementor-element elementor-element-e432414 elementor-align-right elementor-mobile-align-center elementor-widget elementor-widget-button\" data-id=\"e432414\" data-element_type=\"widget\" data-e-type=\"widget\" data-widget_type=\"button.default\">\n\t\t\t\t<div class=\"elementor-widget-container\">\n\t\t\t\t\t\t\t\t\t<div class=\"elementor-button-wrapper\">\n\t\t\t\t\t<a class=\"elementor-button elementor-button-link elementor-size-sm\" href=\"https:\/\/javiervaldivia.pe\/us\/contact\/\">\n\t\t\t\t\t\t<span class=\"elementor-button-content-wrapper\">\n\t\t\t\t\t\t\t\t\t<span class=\"elementor-button-text\">Contact us<\/span>\n\t\t\t\t\t<\/span>\n\t\t\t\t\t<\/a>\n\t\t\t\t<\/div>\n\t\t\t\t\t\t\t\t<\/div>\n\t\t\t\t<\/div>\n\t\t\t\t\t<\/div>\n\t\t<\/div>\n\t\t\t\t\t<\/div>\n\t\t<\/section>\n\t\t\t\t<section class=\"elementor-section elementor-top-section elementor-element elementor-element-b8b0c94 elementor-section-boxed elementor-section-height-default elementor-section-height-default\" data-id=\"b8b0c94\" data-element_type=\"section\" data-e-type=\"section\">\n\t\t\t\t\t\t<div class=\"elementor-container elementor-column-gap-default\">\n\t\t\t\t\t<div class=\"elementor-column elementor-col-33 elementor-top-column elementor-element elementor-element-69fb451\" data-id=\"69fb451\" data-element_type=\"column\" data-e-type=\"column\">\n\t\t\t<div class=\"elementor-widget-wrap elementor-element-populated\">\n\t\t\t\t\t\t<div class=\"elementor-element elementor-element-283d5df elementor-widget elementor-widget-image\" data-id=\"283d5df\" data-element_type=\"widget\" data-e-type=\"widget\" data-widget_type=\"image.default\">\n\t\t\t\t<div class=\"elementor-widget-container\">\n\t\t\t\t\t\t\t\t\t\t\t\t<figure class=\"wp-caption\">\n\t\t\t\t\t\t\t\t\t\t\t<a href=\"https:\/\/javiervaldivia.pe\/us\/asesoria-empresarial\">\n\t\t\t\t\t\t\t<img decoding=\"async\" width=\"1920\" height=\"1357\" src=\"https:\/\/javiervaldivia.pe\/us\/wp-content\/uploads\/2019\/12\/finanzas.jpg\" class=\"elementor-animation-grow attachment-full size-full wp-image-247\" alt=\"finanzas\" srcset=\"https:\/\/javiervaldivia.pe\/us\/wp-content\/uploads\/2019\/12\/finanzas.jpg 1920w, https:\/\/javiervaldivia.pe\/us\/wp-content\/uploads\/2019\/12\/finanzas-300x212.jpg 300w, https:\/\/javiervaldivia.pe\/us\/wp-content\/uploads\/2019\/12\/finanzas-1024x724.jpg 1024w, https:\/\/javiervaldivia.pe\/us\/wp-content\/uploads\/2019\/12\/finanzas-768x543.jpg 768w, https:\/\/javiervaldivia.pe\/us\/wp-content\/uploads\/2019\/12\/finanzas-1536x1086.jpg 1536w\" sizes=\"(max-width: 1920px) 100vw, 1920px\" \/>\t\t\t\t\t\t\t\t<\/a>\n\t\t\t\t\t\t\t\t\t\t\t<figcaption class=\"widget-image-caption wp-caption-text\">Business Consulting<\/figcaption>\n\t\t\t\t\t\t\t\t\t\t<\/figure>\n\t\t\t\t\t\t\t\t\t<\/div>\n\t\t\t\t<\/div>\n\t\t\t\t\t<\/div>\n\t\t<\/div>\n\t\t\t\t<div class=\"elementor-column elementor-col-33 elementor-top-column elementor-element elementor-element-e1c8e74\" data-id=\"e1c8e74\" data-element_type=\"column\" data-e-type=\"column\">\n\t\t\t<div class=\"elementor-widget-wrap elementor-element-populated\">\n\t\t\t\t\t\t<div class=\"elementor-element elementor-element-a56cb8d elementor-widget elementor-widget-image\" data-id=\"a56cb8d\" data-element_type=\"widget\" data-e-type=\"widget\" data-widget_type=\"image.default\">\n\t\t\t\t<div class=\"elementor-widget-container\">\n\t\t\t\t\t\t\t\t\t\t\t\t<figure class=\"wp-caption\">\n\t\t\t\t\t\t\t\t\t\t\t<a href=\"https:\/\/javiervaldivia.pe\/us\/servicios-contables\/\">\n\t\t\t\t\t\t\t<img decoding=\"async\" width=\"1921\" height=\"1358\" src=\"https:\/\/javiervaldivia.pe\/us\/wp-content\/uploads\/2019\/12\/servicios-contables.jpg\" class=\"elementor-animation-grow attachment-full size-full wp-image-338\" alt=\"servicio-contable\" srcset=\"https:\/\/javiervaldivia.pe\/us\/wp-content\/uploads\/2019\/12\/servicios-contables.jpg 1921w, https:\/\/javiervaldivia.pe\/us\/wp-content\/uploads\/2019\/12\/servicios-contables-300x212.jpg 300w, https:\/\/javiervaldivia.pe\/us\/wp-content\/uploads\/2019\/12\/servicios-contables-1024x724.jpg 1024w, https:\/\/javiervaldivia.pe\/us\/wp-content\/uploads\/2019\/12\/servicios-contables-768x543.jpg 768w, https:\/\/javiervaldivia.pe\/us\/wp-content\/uploads\/2019\/12\/servicios-contables-1536x1086.jpg 1536w\" sizes=\"(max-width: 1921px) 100vw, 1921px\" \/>\t\t\t\t\t\t\t\t<\/a>\n\t\t\t\t\t\t\t\t\t\t\t<figcaption class=\"widget-image-caption wp-caption-text\">Accounting Services<\/figcaption>\n\t\t\t\t\t\t\t\t\t\t<\/figure>\n\t\t\t\t\t\t\t\t\t<\/div>\n\t\t\t\t<\/div>\n\t\t\t\t\t<\/div>\n\t\t<\/div>\n\t\t\t\t<div class=\"elementor-column elementor-col-33 elementor-top-column elementor-element elementor-element-8487eb8\" data-id=\"8487eb8\" data-element_type=\"column\" data-e-type=\"column\">\n\t\t\t<div class=\"elementor-widget-wrap elementor-element-populated\">\n\t\t\t\t\t\t<div class=\"elementor-element elementor-element-33fe0c7 elementor-widget elementor-widget-image\" data-id=\"33fe0c7\" data-element_type=\"widget\" data-e-type=\"widget\" data-widget_type=\"image.default\">\n\t\t\t\t<div class=\"elementor-widget-container\">\n\t\t\t\t\t\t\t\t\t\t\t\t<figure class=\"wp-caption\">\n\t\t\t\t\t\t\t\t\t\t\t<a href=\"https:\/\/javiervaldivia.pe\/us\/servicios-tributarios\/\">\n\t\t\t\t\t\t\t<img loading=\"lazy\" decoding=\"async\" width=\"1921\" height=\"1358\" src=\"https:\/\/javiervaldivia.pe\/us\/wp-content\/uploads\/2019\/12\/servicios-tributarios.jpg\" class=\"elementor-animation-grow attachment-full size-full wp-image-339\" alt=\"servicio-tributario\" srcset=\"https:\/\/javiervaldivia.pe\/us\/wp-content\/uploads\/2019\/12\/servicios-tributarios.jpg 1921w, https:\/\/javiervaldivia.pe\/us\/wp-content\/uploads\/2019\/12\/servicios-tributarios-300x212.jpg 300w, https:\/\/javiervaldivia.pe\/us\/wp-content\/uploads\/2019\/12\/servicios-tributarios-1024x724.jpg 1024w, https:\/\/javiervaldivia.pe\/us\/wp-content\/uploads\/2019\/12\/servicios-tributarios-768x543.jpg 768w, https:\/\/javiervaldivia.pe\/us\/wp-content\/uploads\/2019\/12\/servicios-tributarios-1536x1086.jpg 1536w\" sizes=\"(max-width: 1921px) 100vw, 1921px\" \/>\t\t\t\t\t\t\t\t<\/a>\n\t\t\t\t\t\t\t\t\t\t\t<figcaption class=\"widget-image-caption wp-caption-text\">Tax Services<\/figcaption>\n\t\t\t\t\t\t\t\t\t\t<\/figure>\n\t\t\t\t\t\t\t\t\t<\/div>\n\t\t\t\t<\/div>\n\t\t\t\t\t<\/div>\n\t\t<\/div>\n\t\t\t\t\t<\/div>\n\t\t<\/section>\n\t\t\t\t<\/div>\n\t\t","protected":false},"excerpt":{"rendered":"<p>Services What we do Human Resources Psychological Evaluation of Applicants The applicant&#8217;s skills, strengths, and weaknesses are recognized through personality tests and interviews, which allow us to identify the profile requested by each employer. Situational Assessment Interview By combining psychometric tests, interviews, and experiential exercises tailored to the organization&#8217;s needs, this process allows us to [&hellip;]<\/p>\n","protected":false},"author":1,"featured_media":0,"parent":0,"menu_order":0,"comment_status":"closed","ping_status":"closed","template":"","meta":{"site-sidebar-layout":"no-sidebar","site-content-layout":"page-builder","ast-site-content-layout":"default","site-content-style":"default","site-sidebar-style":"default","ast-global-header-display":"","ast-banner-title-visibility":"","ast-main-header-display":"","ast-hfb-above-header-display":"","ast-hfb-below-header-display":"","ast-hfb-mobile-header-display":"","site-post-title":"disabled","ast-breadcrumbs-content":"","ast-featured-img":"disabled","footer-sml-layout":"","ast-disable-related-posts":"","theme-transparent-header-meta":"default","adv-header-id-meta":"","stick-header-meta":"","header-above-stick-meta":"","header-main-stick-meta":"","header-below-stick-meta":"","astra-migrate-meta-layouts":"default","ast-page-background-enabled":"default","ast-page-background-meta":{"desktop":{"background-color":"var(--ast-global-color-4)","background-image":"","background-repeat":"repeat","background-position":"center center","background-size":"auto","background-attachment":"scroll","background-type":"","background-media":"","overlay-type":"","overlay-color":"","overlay-opacity":"","overlay-gradient":""},"tablet":{"background-color":"","background-image":"","background-repeat":"repeat","background-position":"center center","background-size":"auto","background-attachment":"scroll","background-type":"","background-media":"","overlay-type":"","overlay-color":"","overlay-opacity":"","overlay-gradient":""},"mobile":{"background-color":"","background-image":"","background-repeat":"repeat","background-position":"center center","background-size":"auto","background-attachment":"scroll","background-type":"","background-media":"","overlay-type":"","overlay-color":"","overlay-opacity":"","overlay-gradient":""}},"ast-content-background-meta":{"desktop":{"background-color":"var(--ast-global-color-5)","background-image":"","background-repeat":"repeat","background-position":"center center","background-size":"auto","background-attachment":"scroll","background-type":"","background-media":"","overlay-type":"","overlay-color":"","overlay-opacity":"","overlay-gradient":""},"tablet":{"background-color":"var(--ast-global-color-5)","background-image":"","background-repeat":"repeat","background-position":"center center","background-size":"auto","background-attachment":"scroll","background-type":"","background-media":"","overlay-type":"","overlay-color":"","overlay-opacity":"","overlay-gradient":""},"mobile":{"background-color":"var(--ast-global-color-5)","background-image":"","background-repeat":"repeat","background-position":"center center","background-size":"auto","background-attachment":"scroll","background-type":"","background-media":"","overlay-type":"","overlay-color":"","overlay-opacity":"","overlay-gradient":""}},"footnotes":""},"class_list":["post-453","page","type-page","status-publish","hentry"],"_links":{"self":[{"href":"https:\/\/javiervaldivia.pe\/us\/wp-json\/wp\/v2\/pages\/453","targetHints":{"allow":["GET"]}}],"collection":[{"href":"https:\/\/javiervaldivia.pe\/us\/wp-json\/wp\/v2\/pages"}],"about":[{"href":"https:\/\/javiervaldivia.pe\/us\/wp-json\/wp\/v2\/types\/page"}],"author":[{"embeddable":true,"href":"https:\/\/javiervaldivia.pe\/us\/wp-json\/wp\/v2\/users\/1"}],"replies":[{"embeddable":true,"href":"https:\/\/javiervaldivia.pe\/us\/wp-json\/wp\/v2\/comments?post=453"}],"version-history":[{"count":14,"href":"https:\/\/javiervaldivia.pe\/us\/wp-json\/wp\/v2\/pages\/453\/revisions"}],"predecessor-version":[{"id":588,"href":"https:\/\/javiervaldivia.pe\/us\/wp-json\/wp\/v2\/pages\/453\/revisions\/588"}],"wp:attachment":[{"href":"https:\/\/javiervaldivia.pe\/us\/wp-json\/wp\/v2\/media?parent=453"}],"curies":[{"name":"wp","href":"https:\/\/api.w.org\/{rel}","templated":true}]}}